{"id":525,"date":"2024-03-25T21:01:44","date_gmt":"2024-03-25T21:01:44","guid":{"rendered":"https:\/\/geoseminaire2024.teledetection.fr\/?page_id=525"},"modified":"2024-03-25T21:09:39","modified_gmt":"2024-03-25T21:09:39","slug":"nathan-corroyez","status":"publish","type":"page","link":"https:\/\/geoseminaire2024.teledetection.fr\/index.php\/nathan-corroyez\/","title":{"rendered":"Nathan Corroyez"},"content":{"rendered":"<style>.kadence-column525_a830f1-a6 > .kt-inside-inner-col,.kadence-column525_a830f1-a6 > .kt-inside-inner-col:before{border-top-left-radius:0px;border-top-right-radius:0px;border-bottom-right-radius:0px;border-bottom-left-radius:0px;}.kadence-column525_a830f1-a6 > .kt-inside-inner-col{column-gap:var(--global-kb-gap-sm, 1rem);}.kadence-column525_a830f1-a6 > .kt-inside-inner-col{flex-direction:column;}.kadence-column525_a830f1-a6 > .kt-inside-inner-col > .aligncenter{width:100%;}.kadence-column525_a830f1-a6 > .kt-inside-inner-col:before{opacity:0.3;}.kadence-column525_a830f1-a6{position:relative;}@media all and (max-width: 1024px){.kadence-column525_a830f1-a6 > .kt-inside-inner-col{flex-direction:column;}}@media all and (max-width: 767px){.kadence-column525_a830f1-a6 > .kt-inside-inner-col{flex-direction:column;}}<\/style>\n<div class=\"wp-block-kadence-column kadence-column525_a830f1-a6\"><div class=\"kt-inside-inner-col\">\n<div data-wp-interactive=\"\" class=\"wp-block-file\"><object data-wp-bind--hidden=\"!selectors.core.file.hasPdfPreview\" hidden class=\"wp-block-file__embed\" data=\"https:\/\/geoseminaire2024.teledetection.fr\/wp-content\/uploads\/2024\/03\/Nathan-Corroyez.pdf\" type=\"application\/pdf\" style=\"width:100%;height:600px\" aria-label=\"Contenu embarqu\u00e9 Utilisation de l\u2019intelligence artificielle appliqu\u00e9e \u00e0 la t\u00e9l\u00e9d\u00e9tection<br&gt;pour am\u00e9liorer les mod\u00e8les de microclimat sous couvert forestier.\"><\/object><a id=\"wp-block-file--media-5c23cfe7-6129-4290-8a47-c2a9f53eae62\" href=\"https:\/\/geoseminaire2024.teledetection.fr\/wp-content\/uploads\/2024\/03\/Nathan-Corroyez.pdf\">Utilisation de l\u2019intelligence artificielle appliqu\u00e9e \u00e0 la t\u00e9l\u00e9d\u00e9tection<br>pour am\u00e9liorer les mod\u00e8les de microclimat sous couvert forestier<\/a><a href=\"https:\/\/geoseminaire2024.teledetection.fr\/wp-content\/uploads\/2024\/03\/Nathan-Corroyez.pdf\" class=\"wp-block-file__button wp-element-button\" download aria-describedby=\"wp-block-file--media-5c23cfe7-6129-4290-8a47-c2a9f53eae62\">T\u00e9l\u00e9charger<\/a><\/div>\n<\/div><\/div>\n","protected":false},"excerpt":{"rendered":"","protected":false},"author":2,"featured_media":0,"parent":0,"menu_order":0,"comment_status":"closed","ping_status":"closed","template":"","meta":{"_kad_post_transparent":"","_kad_post_title":"","_kad_post_layout":"","_kad_post_sidebar_id":"","_kad_post_content_style":"","_kad_post_vertical_padding":"","_kad_post_feature":"","_kad_post_feature_position":"","_kad_post_header":false,"_kad_post_footer":false,"_kad_post_classname":"","footnotes":""},"_links":{"self":[{"href":"https:\/\/geoseminaire2024.teledetection.fr\/index.php\/wp-json\/wp\/v2\/pages\/525"}],"collection":[{"href":"https:\/\/geoseminaire2024.teledetection.fr\/index.php\/wp-json\/wp\/v2\/pages"}],"about":[{"href":"https:\/\/geoseminaire2024.teledetection.fr\/index.php\/wp-json\/wp\/v2\/types\/page"}],"author":[{"embeddable":true,"href":"https:\/\/geoseminaire2024.teledetection.fr\/index.php\/wp-json\/wp\/v2\/users\/2"}],"replies":[{"embeddable":true,"href":"https:\/\/geoseminaire2024.teledetection.fr\/index.php\/wp-json\/wp\/v2\/comments?post=525"}],"version-history":[{"count":3,"href":"https:\/\/geoseminaire2024.teledetection.fr\/index.php\/wp-json\/wp\/v2\/pages\/525\/revisions"}],"predecessor-version":[{"id":536,"href":"https:\/\/geoseminaire2024.teledetection.fr\/index.php\/wp-json\/wp\/v2\/pages\/525\/revisions\/536"}],"wp:attachment":[{"href":"https:\/\/geoseminaire2024.teledetection.fr\/index.php\/wp-json\/wp\/v2\/media?parent=525"}],"curies":[{"name":"wp","href":"https:\/\/api.w.org\/{rel}","templated":true}]}}