{"id":507,"date":"2024-03-25T20:12:47","date_gmt":"2024-03-25T20:12:47","guid":{"rendered":"https:\/\/geoseminaire2024.teledetection.fr\/?page_id=507"},"modified":"2024-03-26T03:55:28","modified_gmt":"2024-03-26T03:55:28","slug":"interventions","status":"publish","type":"page","link":"https:\/\/geoseminaire2024.teledetection.fr\/index.php\/interventions\/","title":{"rendered":"Pr\u00e9sentations"},"content":{"rendered":"<style>.kb-row-layout-id507_346dce-d2 > .kt-row-column-wrap{align-content:start;}:where(.kb-row-layout-id507_346dce-d2 > .kt-row-column-wrap) > .wp-block-kadence-column{justify-content:start;}.kb-row-layout-id507_346dce-d2 > .kt-row-column-wrap{column-gap:var(--global-kb-gap-md, 2rem);row-gap:var(--global-kb-gap-none, 0rem );max-width:var( --global-content-width, 1290px );padding-left:var(--global-content-edge-padding);padding-right:var(--global-content-edge-padding);padding-top:var(--global-kb-spacing-sm, 1.5rem);padding-bottom:var(--global-kb-spacing-sm, 1.5rem);grid-template-columns:minmax(0, 1fr);}.kb-row-layout-id507_346dce-d2{background-image:linear-gradient(280deg,rgb(22,48,141) 0%,rgb(8,128,195) 100%);}.kb-row-layout-id507_346dce-d2 > .kt-row-layout-overlay{opacity:0.30;}@media all and (max-width: 1024px){.kb-row-layout-id507_346dce-d2 > .kt-row-column-wrap{grid-template-columns:minmax(0, 1fr);}}@media all and (max-width: 767px){.kb-row-layout-id507_346dce-d2 > .kt-row-column-wrap{grid-template-columns:minmax(0, 1fr);}}<\/style><div class=\"kb-row-layout-wrap kb-row-layout-id507_346dce-d2 alignnone kt-row-has-bg wp-block-kadence-rowlayout\"><div class=\"kt-row-column-wrap kt-has-1-columns kt-row-layout-equal kt-tab-layout-inherit kt-mobile-layout-row kt-row-valign-top kb-theme-content-width\">\n<style>.kadence-column507_eed3b8-00 > .kt-inside-inner-col,.kadence-column507_eed3b8-00 > .kt-inside-inner-col:before{border-top-left-radius:0px;border-top-right-radius:0px;border-bottom-right-radius:0px;border-bottom-left-radius:0px;}.kadence-column507_eed3b8-00 > .kt-inside-inner-col{column-gap:var(--global-kb-gap-sm, 1rem);}.kadence-column507_eed3b8-00 > .kt-inside-inner-col{flex-direction:column;}.kadence-column507_eed3b8-00 > .kt-inside-inner-col > .aligncenter{width:100%;}.kadence-column507_eed3b8-00 > .kt-inside-inner-col:before{opacity:0.3;}.kadence-column507_eed3b8-00{position:relative;}@media all and (max-width: 1024px){.kadence-column507_eed3b8-00 > .kt-inside-inner-col{flex-direction:column;}}@media all and (max-width: 767px){.kadence-column507_eed3b8-00 > .kt-inside-inner-col{flex-direction:column;}}<\/style>\n<div class=\"wp-block-kadence-column kadence-column507_eed3b8-00\"><div class=\"kt-inside-inner-col\"><style>.wp-block-kadence-advancedheading.kt-adv-heading507_1814c3-31, .wp-block-kadence-advancedheading.kt-adv-heading507_1814c3-31[data-kb-block=\"kb-adv-heading507_1814c3-31\"]{font-style:normal;}.wp-block-kadence-advancedheading.kt-adv-heading507_1814c3-31 mark, .wp-block-kadence-advancedheading.kt-adv-heading507_1814c3-31[data-kb-block=\"kb-adv-heading507_1814c3-31\"] mark{font-style:normal;color:#f76a0c;padding-top:0px;padding-right:0px;padding-bottom:0px;padding-left:0px;}<\/style>\n<h3 class=\"kt-adv-heading507_1814c3-31 wp-block-kadence-advancedheading has-theme-palette-9-color has-text-color\" data-kb-block=\"kb-adv-heading507_1814c3-31\">Plongez au c\u0153ur de l&rsquo;innovation et de la connaissance avec les pr\u00e9sentations captivantes de nos intervenants \u00e9m\u00e9rites. Leur expertise exceptionnelle a illumin\u00e9 notre <strong><em>G\u00e9os\u00e9minaire<\/em><\/strong>, forgeant des moments d&rsquo;apprentissage et de d\u00e9couverte inestimables.<\/h3>\n<\/div><\/div>\n\n<\/div><\/div>\n\n<style>.kb-row-layout-id507_028750-f4 > .kt-row-column-wrap{align-content:start;}:where(.kb-row-layout-id507_028750-f4 > .kt-row-column-wrap) > .wp-block-kadence-column{justify-content:start;}.kb-row-layout-id507_028750-f4 > .kt-row-column-wrap{column-gap:var(--global-kb-gap-sm, 1rem);row-gap:var(--global-kb-gap-sm, 1rem);max-width:var( --global-content-width, 1290px );padding-left:var(--global-content-edge-padding);padding-right:var(--global-content-edge-padding);padding-top:var(--global-kb-spacing-lg, 3rem);padding-bottom:var(--global-kb-spacing-sm, 1.5rem);grid-template-columns:minmax(0, 1fr);}.kb-row-layout-id507_028750-f4{background-color:#c5c5c5;}.kb-row-layout-id507_028750-f4 > .kt-row-layout-overlay{opacity:0.30;background-image:url('https:\/\/geoseminaire2024.teledetection.fr\/wp-content\/uploads\/2024\/03\/tinywow_IMG_20240325_203539_51497711-scaled.jpg');background-size:cover;background-position:center center;background-attachment:scroll;background-repeat:no-repeat;}@media all and (max-width: 1024px){.kb-row-layout-id507_028750-f4 > .kt-row-column-wrap{grid-template-columns:repeat(2, minmax(0, 1fr));}}@media all and (max-width: 767px){.kb-row-layout-id507_028750-f4 > .kt-row-column-wrap{grid-template-columns:minmax(0, 1fr);}}<\/style><div class=\"kb-row-layout-wrap kb-row-layout-id507_028750-f4 alignnone kt-row-has-bg wp-block-kadence-rowlayout\"><div class=\"kt-row-layout-overlay kt-row-overlay-normal\"><\/div><div class=\"kt-row-column-wrap kt-has-2-columns kt-row-layout-row kt-tab-layout-inherit kt-mobile-layout-row kt-row-valign-top kb-theme-content-width\">\n<style>.kadence-column507_642e29-50 > .kt-inside-inner-col,.kadence-column507_642e29-50 > .kt-inside-inner-col:before{border-top-left-radius:0px;border-top-right-radius:0px;border-bottom-right-radius:0px;border-bottom-left-radius:0px;}.kadence-column507_642e29-50 > .kt-inside-inner-col{column-gap:var(--global-kb-gap-sm, 1rem);}.kadence-column507_642e29-50 > .kt-inside-inner-col{flex-direction:column;}.kadence-column507_642e29-50 > .kt-inside-inner-col > .aligncenter{width:100%;}.kadence-column507_642e29-50 > .kt-inside-inner-col:before{opacity:0.3;}.kadence-column507_642e29-50{position:relative;}@media all and (max-width: 1024px){.kadence-column507_642e29-50 > .kt-inside-inner-col{flex-direction:column;}}@media all and (max-width: 767px){.kadence-column507_642e29-50 > .kt-inside-inner-col{flex-direction:column;}}<\/style>\n<div class=\"wp-block-kadence-column kadence-column507_642e29-50\"><div class=\"kt-inside-inner-col\"><style>.wp-block-kadence-advancedheading.kt-adv-heading507_08bc83-cf, .wp-block-kadence-advancedheading.kt-adv-heading507_08bc83-cf[data-kb-block=\"kb-adv-heading507_08bc83-cf\"]{text-align:center;font-style:normal;color:#0e0e0e;}.wp-block-kadence-advancedheading.kt-adv-heading507_08bc83-cf mark, .wp-block-kadence-advancedheading.kt-adv-heading507_08bc83-cf[data-kb-block=\"kb-adv-heading507_08bc83-cf\"] mark{font-style:normal;color:#f76a0c;padding-top:0px;padding-right:0px;padding-bottom:0px;padding-left:0px;}<\/style>\n<h4 class=\"kt-adv-heading507_08bc83-cf wp-block-kadence-advancedheading\" data-kb-block=\"kb-adv-heading507_08bc83-cf\"><a href=\"https:\/\/geoseminaire2024.teledetection.fr\/index.php\/joris-guerin\/\" target=\"_blank\" rel=\"noreferrer noopener\"><span style=\"color: #0000ff;\"><span style=\"color: #000080;\">Joris Gu\u00e9rin, IRD<\/span><\/span> : R\u00e9seaux de neurones pr\u00e9-entra\u00een\u00e9s pour l&rsquo;analyse d&rsquo;images satellites<\/a><\/h4>\n<\/div><\/div>\n\n\n<style>.kadence-column507_d974f0-c0 > .kt-inside-inner-col,.kadence-column507_d974f0-c0 > .kt-inside-inner-col:before{border-top-left-radius:0px;border-top-right-radius:0px;border-bottom-right-radius:0px;border-bottom-left-radius:0px;}.kadence-column507_d974f0-c0 > .kt-inside-inner-col{column-gap:var(--global-kb-gap-sm, 1rem);}.kadence-column507_d974f0-c0 > .kt-inside-inner-col{flex-direction:column;}.kadence-column507_d974f0-c0 > .kt-inside-inner-col > .aligncenter{width:100%;}.kadence-column507_d974f0-c0 > .kt-inside-inner-col:before{opacity:0.3;}.kadence-column507_d974f0-c0{position:relative;}@media all and (max-width: 1024px){.kadence-column507_d974f0-c0 > .kt-inside-inner-col{flex-direction:column;}}@media all and (max-width: 767px){.kadence-column507_d974f0-c0 > .kt-inside-inner-col{flex-direction:column;}}<\/style>\n<div class=\"wp-block-kadence-column kadence-column507_d974f0-c0\"><div class=\"kt-inside-inner-col\"><style>.wp-block-kadence-advancedheading.kt-adv-heading507_811971-5f, .wp-block-kadence-advancedheading.kt-adv-heading507_811971-5f[data-kb-block=\"kb-adv-heading507_811971-5f\"]{text-align:center;font-style:normal;}.wp-block-kadence-advancedheading.kt-adv-heading507_811971-5f mark, .wp-block-kadence-advancedheading.kt-adv-heading507_811971-5f[data-kb-block=\"kb-adv-heading507_811971-5f\"] mark{font-style:normal;color:#f76a0c;padding-top:0px;padding-right:0px;padding-bottom:0px;padding-left:0px;}<\/style>\n<h4 class=\"kt-adv-heading507_811971-5f wp-block-kadence-advancedheading\" data-kb-block=\"kb-adv-heading507_811971-5f\"><a href=\"https:\/\/geoseminaire2024.teledetection.fr\/index.php\/raffaele-gaetano\/\" target=\"_blank\" rel=\"noreferrer noopener\"><span style=\"color: #000080;\">Raffaele Gaetano, UMR TETIS<\/span> : Apprentissage profond pour la cartographie de l&rsquo;occupation des sols par t\u00e9l\u00e9d\u00e9tection<\/a><\/h4>\n<\/div><\/div>\n\n\n<style>.kadence-column507_8e81fa-6a > .kt-inside-inner-col,.kadence-column507_8e81fa-6a > .kt-inside-inner-col:before{border-top-left-radius:0px;border-top-right-radius:0px;border-bottom-right-radius:0px;border-bottom-left-radius:0px;}.kadence-column507_8e81fa-6a > .kt-inside-inner-col{column-gap:var(--global-kb-gap-sm, 1rem);}.kadence-column507_8e81fa-6a > .kt-inside-inner-col{flex-direction:column;}.kadence-column507_8e81fa-6a > .kt-inside-inner-col > .aligncenter{width:100%;}.kadence-column507_8e81fa-6a > .kt-inside-inner-col:before{opacity:0.3;}.kadence-column507_8e81fa-6a{position:relative;}@media all and (max-width: 1024px){.kadence-column507_8e81fa-6a > .kt-inside-inner-col{flex-direction:column;}}@media all and (max-width: 767px){.kadence-column507_8e81fa-6a > .kt-inside-inner-col{flex-direction:column;}}<\/style>\n<div class=\"wp-block-kadence-column kadence-column507_8e81fa-6a\"><div class=\"kt-inside-inner-col\"><style>.wp-block-kadence-advancedheading.kt-adv-heading507_3f127d-6b, .wp-block-kadence-advancedheading.kt-adv-heading507_3f127d-6b[data-kb-block=\"kb-adv-heading507_3f127d-6b\"]{text-align:center;font-style:normal;}.wp-block-kadence-advancedheading.kt-adv-heading507_3f127d-6b mark, .wp-block-kadence-advancedheading.kt-adv-heading507_3f127d-6b[data-kb-block=\"kb-adv-heading507_3f127d-6b\"] mark{font-style:normal;color:#f76a0c;padding-top:0px;padding-right:0px;padding-bottom:0px;padding-left:0px;}<\/style>\n<h4 class=\"kt-adv-heading507_3f127d-6b wp-block-kadence-advancedheading\" data-kb-block=\"kb-adv-heading507_3f127d-6b\"><span style=\"color: #000080;\">Ga\u00ebtan Lavenu, ESRI<\/span> : GeoAi: Application de l\u2019IA dans les solutions ESRI<\/h4>\n<\/div><\/div>\n\n\n<style>.kadence-column507_6957f7-4c > .kt-inside-inner-col,.kadence-column507_6957f7-4c > .kt-inside-inner-col:before{border-top-left-radius:0px;border-top-right-radius:0px;border-bottom-right-radius:0px;border-bottom-left-radius:0px;}.kadence-column507_6957f7-4c > .kt-inside-inner-col{column-gap:var(--global-kb-gap-sm, 1rem);}.kadence-column507_6957f7-4c > .kt-inside-inner-col{flex-direction:column;}.kadence-column507_6957f7-4c > .kt-inside-inner-col > .aligncenter{width:100%;}.kadence-column507_6957f7-4c > .kt-inside-inner-col:before{opacity:0.3;}.kadence-column507_6957f7-4c{position:relative;}@media all and (max-width: 1024px){.kadence-column507_6957f7-4c > .kt-inside-inner-col{flex-direction:column;}}@media all and (max-width: 767px){.kadence-column507_6957f7-4c > .kt-inside-inner-col{flex-direction:column;}}<\/style>\n<div class=\"wp-block-kadence-column kadence-column507_6957f7-4c\"><div class=\"kt-inside-inner-col\"><style>.wp-block-kadence-advancedheading.kt-adv-heading507_f0120e-f2, .wp-block-kadence-advancedheading.kt-adv-heading507_f0120e-f2[data-kb-block=\"kb-adv-heading507_f0120e-f2\"]{text-align:center;font-style:normal;}.wp-block-kadence-advancedheading.kt-adv-heading507_f0120e-f2 mark, .wp-block-kadence-advancedheading.kt-adv-heading507_f0120e-f2[data-kb-block=\"kb-adv-heading507_f0120e-f2\"] mark{font-style:normal;color:#f76a0c;padding-top:0px;padding-right:0px;padding-bottom:0px;padding-left:0px;}<\/style>\n<h4 class=\"kt-adv-heading507_f0120e-f2 wp-block-kadence-advancedheading\" data-kb-block=\"kb-adv-heading507_f0120e-f2\"><a href=\"https:\/\/geoseminaire2024.teledetection.fr\/index.php\/nathan-corroyez\/\" target=\"_blank\" rel=\"noreferrer noopener\"><span style=\"color: #000080;\">Nathan Corroyez, INRAE<\/span> : Utilisation de l\u2019IA appliqu\u00e9e \u00e0 la t\u00e9l\u00e9d\u00e9tection pour am\u00e9liorer les mod\u00e8les de microclimat sous couvert forestier<\/a><\/h4>\n<\/div><\/div>\n\n\n<style>.kadence-column507_8c68ca-78 > .kt-inside-inner-col,.kadence-column507_8c68ca-78 > .kt-inside-inner-col:before{border-top-left-radius:0px;border-top-right-radius:0px;border-bottom-right-radius:0px;border-bottom-left-radius:0px;}.kadence-column507_8c68ca-78 > .kt-inside-inner-col{column-gap:var(--global-kb-gap-sm, 1rem);}.kadence-column507_8c68ca-78 > .kt-inside-inner-col{flex-direction:column;}.kadence-column507_8c68ca-78 > .kt-inside-inner-col > .aligncenter{width:100%;}.kadence-column507_8c68ca-78 > .kt-inside-inner-col:before{opacity:0.3;}.kadence-column507_8c68ca-78{position:relative;}@media all and (max-width: 1024px){.kadence-column507_8c68ca-78 > .kt-inside-inner-col{flex-direction:column;}}@media all and (max-width: 767px){.kadence-column507_8c68ca-78 > .kt-inside-inner-col{flex-direction:column;}}<\/style>\n<div class=\"wp-block-kadence-column kadence-column507_8c68ca-78\"><div class=\"kt-inside-inner-col\"><style>.wp-block-kadence-advancedheading.kt-adv-heading507_e3a27e-77, .wp-block-kadence-advancedheading.kt-adv-heading507_e3a27e-77[data-kb-block=\"kb-adv-heading507_e3a27e-77\"]{text-align:center;font-style:normal;}.wp-block-kadence-advancedheading.kt-adv-heading507_e3a27e-77 mark, .wp-block-kadence-advancedheading.kt-adv-heading507_e3a27e-77[data-kb-block=\"kb-adv-heading507_e3a27e-77\"] mark{font-style:normal;color:#f76a0c;padding-top:0px;padding-right:0px;padding-bottom:0px;padding-left:0px;}<\/style>\n<h4 class=\"kt-adv-heading507_e3a27e-77 wp-block-kadence-advancedheading\" data-kb-block=\"kb-adv-heading507_e3a27e-77\"><a href=\"https:\/\/geoseminaire2024.teledetection.fr\/index.php\/alexis-joly\/\" target=\"_blank\" rel=\"noreferrer noopener\"><span style=\"color: #000080;\">Alexis Joly, Plantnet<\/span> : De PlantNet \u00e0 GeoPlantNet: nouvelles approches d&rsquo;IA pour le monitoring de la biodiversit\u00e9<\/a><\/h4>\n<\/div><\/div>\n\n\n<style>.kadence-column507_0c4a50-60 > .kt-inside-inner-col,.kadence-column507_0c4a50-60 > .kt-inside-inner-col:before{border-top-left-radius:0px;border-top-right-radius:0px;border-bottom-right-radius:0px;border-bottom-left-radius:0px;}.kadence-column507_0c4a50-60 > .kt-inside-inner-col{column-gap:var(--global-kb-gap-sm, 1rem);}.kadence-column507_0c4a50-60 > .kt-inside-inner-col{flex-direction:column;}.kadence-column507_0c4a50-60 > .kt-inside-inner-col > .aligncenter{width:100%;}.kadence-column507_0c4a50-60 > .kt-inside-inner-col:before{opacity:0.3;}.kadence-column507_0c4a50-60{position:relative;}@media all and (max-width: 1024px){.kadence-column507_0c4a50-60 > .kt-inside-inner-col{flex-direction:column;}}@media all and (max-width: 767px){.kadence-column507_0c4a50-60 > .kt-inside-inner-col{flex-direction:column;}}<\/style>\n<div class=\"wp-block-kadence-column kadence-column507_0c4a50-60\"><div class=\"kt-inside-inner-col\"><style>.wp-block-kadence-advancedheading.kt-adv-heading507_7ada8b-66, .wp-block-kadence-advancedheading.kt-adv-heading507_7ada8b-66[data-kb-block=\"kb-adv-heading507_7ada8b-66\"]{text-align:center;font-style:normal;}.wp-block-kadence-advancedheading.kt-adv-heading507_7ada8b-66 mark, .wp-block-kadence-advancedheading.kt-adv-heading507_7ada8b-66[data-kb-block=\"kb-adv-heading507_7ada8b-66\"] mark{font-style:normal;color:#f76a0c;padding-top:0px;padding-right:0px;padding-bottom:0px;padding-left:0px;}<\/style>\n<h4 class=\"kt-adv-heading507_7ada8b-66 wp-block-kadence-advancedheading\" data-kb-block=\"kb-adv-heading507_7ada8b-66\"><a href=\"https:\/\/geoseminaire2024.teledetection.fr\/index.php\/r-pete-et-a-pennaneach\/\" target=\"_blank\" rel=\"noreferrer noopener\"><span style=\"color: #000080;\">R. Pete et A. Pennaneac\u2019h, SMBT<\/span> : IA et gestion d\u2019un territoire lagunaire &amp; littoral<\/a><\/h4>\n<\/div><\/div>\n\n<\/div><\/div>","protected":false},"excerpt":{"rendered":"<p>Plongez au c\u0153ur de l&rsquo;innovation et de la connaissance avec les pr\u00e9sentations captivantes de nos intervenants \u00e9m\u00e9rites. Leur expertise exceptionnelle a illumin\u00e9 notre G\u00e9os\u00e9minaire, forgeant des moments d&rsquo;apprentissage et de d\u00e9couverte inestimables. Joris Gu\u00e9rin, IRD : R\u00e9seaux de neurones pr\u00e9-entra\u00een\u00e9s pour l&rsquo;analyse d&rsquo;images satellites Raffaele Gaetano, UMR TETIS : Apprentissage profond pour la cartographie de&#8230;<\/p>\n","protected":false},"author":2,"featured_media":0,"parent":0,"menu_order":0,"comment_status":"closed","ping_status":"closed","template":"","meta":{"_kad_post_transparent":"default","_kad_post_title":"default","_kad_post_layout":"default","_kad_post_sidebar_id":"","_kad_post_content_style":"default","_kad_post_vertical_padding":"default","_kad_post_feature":"","_kad_post_feature_position":"","_kad_post_header":false,"_kad_post_footer":false,"_kad_post_classname":"","footnotes":""},"_links":{"self":[{"href":"https:\/\/geoseminaire2024.teledetection.fr\/index.php\/wp-json\/wp\/v2\/pages\/507"}],"collection":[{"href":"https:\/\/geoseminaire2024.teledetection.fr\/index.php\/wp-json\/wp\/v2\/pages"}],"about":[{"href":"https:\/\/geoseminaire2024.teledetection.fr\/index.php\/wp-json\/wp\/v2\/types\/page"}],"author":[{"embeddable":true,"href":"https:\/\/geoseminaire2024.teledetection.fr\/index.php\/wp-json\/wp\/v2\/users\/2"}],"replies":[{"embeddable":true,"href":"https:\/\/geoseminaire2024.teledetection.fr\/index.php\/wp-json\/wp\/v2\/comments?post=507"}],"version-history":[{"count":29,"href":"https:\/\/geoseminaire2024.teledetection.fr\/index.php\/wp-json\/wp\/v2\/pages\/507\/revisions"}],"predecessor-version":[{"id":574,"href":"https:\/\/geoseminaire2024.teledetection.fr\/index.php\/wp-json\/wp\/v2\/pages\/507\/revisions\/574"}],"wp:attachment":[{"href":"https:\/\/geoseminaire2024.teledetection.fr\/index.php\/wp-json\/wp\/v2\/media?parent=507"}],"curies":[{"name":"wp","href":"https:\/\/api.w.org\/{rel}","templated":true}]}}