{"id":332,"date":"2024-03-05T20:06:27","date_gmt":"2024-03-05T20:06:27","guid":{"rendered":"https:\/\/geoseminaire2024.teledetection.fr\/?page_id=332"},"modified":"2024-03-08T10:54:47","modified_gmt":"2024-03-08T10:54:47","slug":"a-propos","status":"publish","type":"page","link":"https:\/\/geoseminaire2024.teledetection.fr\/index.php\/a-propos\/","title":{"rendered":"A Propos"},"content":{"rendered":"<style>.kb-row-layout-id332_9551c8-af > .kt-row-column-wrap{align-content:start;}:where(.kb-row-layout-id332_9551c8-af > .kt-row-column-wrap) > .wp-block-kadence-column{justify-content:start;}.kb-row-layout-id332_9551c8-af > .kt-row-column-wrap{column-gap:var(--global-kb-gap-none, 0rem );row-gap:var(--global-kb-gap-none, 0rem );max-width:var( --global-content-width, 1290px );padding-left:var(--global-content-edge-padding);padding-right:var(--global-content-edge-padding);padding-top:var(--global-kb-spacing-sm, 1.5rem);grid-template-columns:minmax(0, 1fr);}.kb-row-layout-id332_9551c8-af > .kt-row-layout-overlay{opacity:0.30;}@media all and (max-width: 1024px){.kb-row-layout-id332_9551c8-af > .kt-row-column-wrap{grid-template-columns:repeat(4, minmax(0, 1fr));}}@media all and (max-width: 767px){.kb-row-layout-id332_9551c8-af > .kt-row-column-wrap{grid-template-columns:minmax(0, 1fr);}}<\/style><div class=\"kb-row-layout-wrap kb-row-layout-id332_9551c8-af alignnone wp-block-kadence-rowlayout\"><div class=\"kt-row-column-wrap kt-has-4-columns kt-row-layout-row kt-tab-layout-inherit kt-mobile-layout-row kt-row-valign-top kb-theme-content-width\">\r\n\r\n<style>.kadence-column332_b186b4-35 > .kt-inside-inner-col,.kadence-column332_b186b4-35 > .kt-inside-inner-col:before{border-top-left-radius:0px;border-top-right-radius:0px;border-bottom-right-radius:0px;border-bottom-left-radius:0px;}.kadence-column332_b186b4-35 > .kt-inside-inner-col{column-gap:var(--global-kb-gap-sm, 1rem);}.kadence-column332_b186b4-35 > .kt-inside-inner-col{flex-direction:column;}.kadence-column332_b186b4-35 > .kt-inside-inner-col > .aligncenter{width:100%;}.kadence-column332_b186b4-35 > .kt-inside-inner-col:before{opacity:0.3;}.kadence-column332_b186b4-35{position:relative;}@media all and (max-width: 1024px){.kadence-column332_b186b4-35 > .kt-inside-inner-col{flex-direction:column;}}@media all and (max-width: 767px){.kadence-column332_b186b4-35 > .kt-inside-inner-col{flex-direction:column;}}<\/style>\r\n<div class=\"wp-block-kadence-column kadence-column332_b186b4-35\">\r\n<div class=\"kt-inside-inner-col\"><style>.kb-image332_8329a9-27.kb-image-is-ratio-size, .kb-image332_8329a9-27 .kb-image-is-ratio-size{max-width:512px;width:100%;}.wp-block-kadence-column > .kt-inside-inner-col > .kb-image332_8329a9-27.kb-image-is-ratio-size, .wp-block-kadence-column > .kt-inside-inner-col > .kb-image332_8329a9-27 .kb-image-is-ratio-size{align-self:unset;}.kb-image332_8329a9-27 figure{max-width:512px;}.kb-image332_8329a9-27 .image-is-svg, .kb-image332_8329a9-27 .image-is-svg img{width:100%;}.kb-image332_8329a9-27 .kb-image-has-overlay:after{opacity:0.3;}<\/style>\r\n<div class=\"wp-block-kadence-image kb-image332_8329a9-27\">\r\n<figure class=\"aligncenter size-large\"><img loading=\"lazy\" decoding=\"async\" width=\"1024\" height=\"271\" class=\"kb-img wp-image-257\" src=\"https:\/\/geoseminaire2024.teledetection.fr\/wp-content\/uploads\/2024\/03\/pdpsi-1024x271.png\" alt=\"\" srcset=\"https:\/\/geoseminaire2024.teledetection.fr\/wp-content\/uploads\/2024\/03\/pdpsi-1024x271.png 1024w, https:\/\/geoseminaire2024.teledetection.fr\/wp-content\/uploads\/2024\/03\/pdpsi-300x79.png 300w, https:\/\/geoseminaire2024.teledetection.fr\/wp-content\/uploads\/2024\/03\/pdpsi-768x203.png 768w, https:\/\/geoseminaire2024.teledetection.fr\/wp-content\/uploads\/2024\/03\/pdpsi-1536x407.png 1536w, https:\/\/geoseminaire2024.teledetection.fr\/wp-content\/uploads\/2024\/03\/pdpsi-2048x542.png 2048w\" sizes=\"(max-width: 1024px) 100vw, 1024px\" \/><\/figure>\r\n<\/div>\r\n<\/div>\r\n<\/div>\r\n\r\n\r\n<style>.kadence-column332_d66ecf-81 > .kt-inside-inner-col{display:flex;}.kadence-column332_d66ecf-81 > .kt-inside-inner-col,.kadence-column332_d66ecf-81 > .kt-inside-inner-col:before{border-top-left-radius:0px;border-top-right-radius:0px;border-bottom-right-radius:0px;border-bottom-left-radius:0px;}.kadence-column332_d66ecf-81 > .kt-inside-inner-col{row-gap:var(--global-kb-gap-none, 0rem );column-gap:var(--global-kb-gap-sm, 1rem);}.kadence-column332_d66ecf-81 > .kt-inside-inner-col{flex-direction:column-reverse;justify-content:flex-end;}.kadence-column332_d66ecf-81 > .kt-inside-inner-col > .aligncenter{width:100%;}.kt-row-column-wrap > .kadence-column332_d66ecf-81{align-self:flex-end;}.kt-inner-column-height-full:not(.kt-has-1-columns) > .wp-block-kadence-column.kadence-column332_d66ecf-81{align-self:auto;}.kt-inner-column-height-full:not(.kt-has-1-columns) > .wp-block-kadence-column.kadence-column332_d66ecf-81 > .kt-inside-inner-col{flex-direction:column;justify-content:flex-end;}.kadence-column332_d66ecf-81 > .kt-inside-inner-col:before{opacity:0.3;}.kadence-column332_d66ecf-81{position:relative;}@media all and (max-width: 1024px){.kadence-column332_d66ecf-81 > .kt-inside-inner-col{flex-direction:column-reverse;}}@media all and (max-width: 767px){.kadence-column332_d66ecf-81 > .kt-inside-inner-col{flex-direction:column-reverse;}}<\/style>\r\n<div class=\"wp-block-kadence-column kadence-column332_d66ecf-81 kb-section-dir-vertical-reverse\">\r\n<div class=\"kt-inside-inner-col\"><style>.wp-block-kadence-spacer.kt-block-spacer-332_9c7ddc-08 .kt-block-spacer{height:6px;}.wp-block-kadence-spacer.kt-block-spacer-332_9c7ddc-08 .kt-divider{border-top-width:1px;height:1px;border-top-color:var(--global-palette1, #3182CE);width:72%;border-top-style:solid;}<\/style>\r\n<div class=\"wp-block-kadence-spacer aligncenter kt-block-spacer-332_9c7ddc-08\">\r\n<div class=\"kt-block-spacer kt-block-spacer-halign-center\" style=\"text-align: justify;\"><hr class=\"kt-divider\" \/><\/div>\r\n<\/div>\r\n<\/div>\r\n<\/div>\r\n\r\n\r\n<style>.kadence-column332_2fa786-59 > .kt-inside-inner-col,.kadence-column332_2fa786-59 > .kt-inside-inner-col:before{border-top-left-radius:0px;border-top-right-radius:0px;border-bottom-right-radius:0px;border-bottom-left-radius:0px;}.kadence-column332_2fa786-59 > .kt-inside-inner-col{column-gap:var(--global-kb-gap-sm, 1rem);}.kadence-column332_2fa786-59 > .kt-inside-inner-col{flex-direction:column;}.kadence-column332_2fa786-59 > .kt-inside-inner-col > .aligncenter{width:100%;}.kadence-column332_2fa786-59 > .kt-inside-inner-col:before{opacity:0.3;}.kadence-column332_2fa786-59{position:relative;}@media all and (max-width: 1024px){.kadence-column332_2fa786-59 > .kt-inside-inner-col{flex-direction:column;}}@media all and (max-width: 767px){.kadence-column332_2fa786-59 > .kt-inside-inner-col{flex-direction:column;}}<\/style>\r\n<div class=\"wp-block-kadence-column kadence-column332_2fa786-59\">\r\n<div class=\"kt-inside-inner-col\"><style>.wp-block-kadence-advancedheading.kt-adv-heading332_f2fc41-a6, .wp-block-kadence-advancedheading.kt-adv-heading332_f2fc41-a6[data-kb-block=\"kb-adv-heading332_f2fc41-a6\"]{max-width:872px;margin-right:auto;margin-left:auto;margin-bottom:var(--global-kb-spacing-xl, 4rem);text-align:center;font-size:var(--global-kb-font-size-md, 1.25rem);font-style:normal;}.wp-block-kadence-advancedheading.kt-adv-heading332_f2fc41-a6 mark, .wp-block-kadence-advancedheading.kt-adv-heading332_f2fc41-a6[data-kb-block=\"kb-adv-heading332_f2fc41-a6\"] mark{font-style:normal;color:#f76a0c;padding-top:0px;padding-right:0px;padding-bottom:0px;padding-left:0px;}<\/style>\r\n<p class=\"kt-adv-heading332_f2fc41-a6 wp-block-kadence-advancedheading has-theme-palette-3-color has-text-color\" style=\"text-align: justify;\" data-kb-block=\"kb-adv-heading332_f2fc41-a6\">Organis\u00e9 chaque ann\u00e9e depuis 2007 par les auditeurs du\u00a0Mast\u00e8re Sp\u00e9cialis\u00e9 SILAT\u00a0(Syst\u00e8mes d\u2019Informations Localis\u00e9es pour l\u2019Am\u00e9nagement des Territoires), le G\u00e9os\u00e9minaire est un \u00e9v\u00e9nement qui rassemble pendant une journ\u00e9e les acteurs de la g\u00e9omatique autour d\u2019un th\u00e8me d\u2019actualit\u00e9.<br \/>Cette ann\u00e9e, la 17<sup>e<\/sup>\u00a0\u00e9dition du G\u00e9os\u00e9minaire organis\u00e9e par les auditeurs du Mast\u00e8re Sp\u00e9cialis\u00e9 SILAT (AgroParisTech) aura lieu le\u00a021 mars 2024 \u00e0 Montpellier\u00a0et porte \u00a0sur le th\u00e8me\u00a0\u00ab\u00a0les usages de l\u2019intelligence artificielle en g\u00e9omatique \u00bb.<\/p>\r\n<\/div>\r\n<\/div>\r\n\r\n\r\n<style>.kadence-column332_f1553c-ed > .kt-inside-inner-col,.kadence-column332_f1553c-ed > .kt-inside-inner-col:before{border-top-left-radius:0px;border-top-right-radius:0px;border-bottom-right-radius:0px;border-bottom-left-radius:0px;}.kadence-column332_f1553c-ed > .kt-inside-inner-col{column-gap:var(--global-kb-gap-sm, 1rem);}.kadence-column332_f1553c-ed > .kt-inside-inner-col{flex-direction:column;}.kadence-column332_f1553c-ed > .kt-inside-inner-col > .aligncenter{width:100%;}.kadence-column332_f1553c-ed > .kt-inside-inner-col:before{opacity:0.3;}.kadence-column332_f1553c-ed{position:relative;}@media all and (max-width: 1024px){.kadence-column332_f1553c-ed > .kt-inside-inner-col{flex-direction:column;}}@media all and (max-width: 767px){.kadence-column332_f1553c-ed > .kt-inside-inner-col{flex-direction:column;}}<\/style>\r\n<div class=\"wp-block-kadence-column kadence-column332_f1553c-ed\">\r\n<div class=\"kt-inside-inner-col\"><style>.wp-block-kadence-advancedheading.kt-adv-heading332_792d6c-11, .wp-block-kadence-advancedheading.kt-adv-heading332_792d6c-11[data-kb-block=\"kb-adv-heading332_792d6c-11\"]{text-align:center;font-style:normal;}.wp-block-kadence-advancedheading.kt-adv-heading332_792d6c-11 mark, .wp-block-kadence-advancedheading.kt-adv-heading332_792d6c-11[data-kb-block=\"kb-adv-heading332_792d6c-11\"] mark{font-style:normal;color:#f76a0c;padding-top:0px;padding-right:0px;padding-bottom:0px;padding-left:0px;}<\/style>\r\n<h2 class=\"kt-adv-heading332_792d6c-11 wp-block-kadence-advancedheading has-theme-palette-1-color has-text-color\" data-kb-block=\"kb-adv-heading332_792d6c-11\">Histoire de la 17e \u00e9dition<\/h2>\r\n<\/div>\r\n<\/div>\r\n\r\n\r\n<style>.kadence-column332_f9d245-99 > .kt-inside-inner-col,.kadence-column332_f9d245-99 > .kt-inside-inner-col:before{border-top-left-radius:0px;border-top-right-radius:0px;border-bottom-right-radius:0px;border-bottom-left-radius:0px;}.kadence-column332_f9d245-99 > .kt-inside-inner-col{column-gap:var(--global-kb-gap-sm, 1rem);}.kadence-column332_f9d245-99 > .kt-inside-inner-col{flex-direction:column;}.kadence-column332_f9d245-99 > .kt-inside-inner-col > .aligncenter{width:100%;}.kadence-column332_f9d245-99 > .kt-inside-inner-col:before{opacity:0.3;}.kadence-column332_f9d245-99{position:relative;}@media all and (max-width: 1024px){.kadence-column332_f9d245-99 > .kt-inside-inner-col{flex-direction:column;}}@media all and (max-width: 767px){.kadence-column332_f9d245-99 > .kt-inside-inner-col{flex-direction:column;}}<\/style>\r\n<div class=\"wp-block-kadence-column kadence-column332_f9d245-99\">\r\n<div class=\"kt-inside-inner-col\"><style>.wp-block-kadence-spacer.kt-block-spacer-332_111518-58 .kt-block-spacer{height:20px;}.wp-block-kadence-spacer.kt-block-spacer-332_111518-58 .kt-divider{border-top-width:1px;height:1px;border-top-color:var(--global-palette1, #3182CE);width:73%;border-top-style:solid;}<\/style>\r\n<div class=\"wp-block-kadence-spacer alignnone kt-block-spacer-332_111518-58\">\r\n<div class=\"kt-block-spacer kt-block-spacer-halign-center\" style=\"text-align: justify;\"><hr class=\"kt-divider\" \/><\/div>\r\n<\/div>\r\n<\/div>\r\n<\/div>\r\n\r\n\r\n<style>.kadence-column332_cc4ae7-90 > .kt-inside-inner-col,.kadence-column332_cc4ae7-90 > .kt-inside-inner-col:before{border-top-left-radius:0px;border-top-right-radius:0px;border-bottom-right-radius:0px;border-bottom-left-radius:0px;}.kadence-column332_cc4ae7-90 > .kt-inside-inner-col{column-gap:var(--global-kb-gap-sm, 1rem);}.kadence-column332_cc4ae7-90 > .kt-inside-inner-col{flex-direction:column;}.kadence-column332_cc4ae7-90 > .kt-inside-inner-col > .aligncenter{width:100%;}.kadence-column332_cc4ae7-90 > .kt-inside-inner-col:before{opacity:0.3;}.kadence-column332_cc4ae7-90{position:relative;}@media all and (max-width: 1024px){.kadence-column332_cc4ae7-90 > .kt-inside-inner-col{flex-direction:column;}}@media all and (max-width: 767px){.kadence-column332_cc4ae7-90 > .kt-inside-inner-col{flex-direction:column;}}<\/style>\r\n<div class=\"wp-block-kadence-column kadence-column332_cc4ae7-90\">\r\n<div class=\"kt-inside-inner-col\"><style>.wp-block-kadence-advancedheading.kt-adv-heading332_9afdeb-6c, .wp-block-kadence-advancedheading.kt-adv-heading332_9afdeb-6c[data-kb-block=\"kb-adv-heading332_9afdeb-6c\"]{max-width:872px;margin-right:auto;margin-left:auto;margin-bottom:var(--global-kb-spacing-md, 2rem);text-align:center;font-size:var(--global-kb-font-size-md, 1.25rem);font-style:normal;}.wp-block-kadence-advancedheading.kt-adv-heading332_9afdeb-6c mark, .wp-block-kadence-advancedheading.kt-adv-heading332_9afdeb-6c[data-kb-block=\"kb-adv-heading332_9afdeb-6c\"] mark{font-style:normal;color:#f76a0c;padding-top:0px;padding-right:0px;padding-bottom:0px;padding-left:0px;}<\/style>\r\n<p class=\"kt-adv-heading332_9afdeb-6c wp-block-kadence-advancedheading has-theme-palette-3-color has-text-color\" style=\"text-align: left;\" data-kb-block=\"kb-adv-heading332_9afdeb-6c\">Face \u00e0 l\u2019essor de l\u2019intelligence artificielle, de nombreuses interrogations surgissent aux c\u00f4t\u00e9s des diff\u00e9rentes promesses et opportunit\u00e9s port\u00e9es par cette technologie. La multitude d\u2019informations techniques, pratiques et professionnelles sur l\u2019intelligence artificielle semble aujourd\u2019hui diviser les opinions entre les convaincus et les plus sceptiques.<br \/>C\u2019est dans ce contexte que nous vous proposons de venir assister au G\u00e9os\u00e9minaire 2024 consacr\u00e9 aux usages de l\u2019intelligence artificielle en g\u00e9omatique. Notre objectif est de pr\u00e9senter des exemples op\u00e9rationnels de l\u2019utilisation de l\u2019IA dans les m\u00e9tiers de la g\u00e9omatique pour optimiser l\u2019analyse, la compr\u00e9hension et la gestion d\u2019un territoire donn\u00e9. Ainsi, cet \u00e9v\u00e8nement s\u2019adresse \u00e0 tous les acteurs impliqu\u00e9s dans une d\u00e9marche territoriale.<br \/>Ce G\u00e9os\u00e9minaire va au travers de cas d\u2019usage de l\u2019intelligence artificielle dans la gestion territoriale, pr\u00e9senter des m\u00e9thodes et outils pour am\u00e9liorer les processus de traitement de donn\u00e9es g\u00e9ographiques. L\u2019acc\u00e9l\u00e9ration de ces processus permet ensuite aux acteurs un gain de temps et d\u2019efficacit\u00e9. Nous souhaitons particuli\u00e8rement informer les participants sur les avanc\u00e9es et limites de cette technologie.<br \/>A travers ce G\u00e9os\u00e9minaire, plusieurs cas d\u2019usages seront pr\u00e9sent\u00e9s, comme par exemple\u00a0: Comment \u00a0utiliser l\u2019IA pour anticiper les risques sur nos territoires ? Quelles donn\u00e9es sont utilisables et comment les mobiliser pour faire fonctionner cette technologie associ\u00e9e \u00e0 la g\u00e9omatique ?<br \/>Nous vous invitons donc \u00e0 r\u00e9server sans plus attendre vos places pour ce moment d\u2019\u00e9change sur \u00ab\u00a0comment bien utiliser l\u2019intelligence artificielle en g\u00e9omatique pour la gestion des territoires ?\u00bb.<br \/><br \/><span style=\"font-family: courier new, courier, monospace;\"><span style=\"color: #003366;\"><em><span style=\"color: #000080;\">Nous vous attendons nombreux le 21 mars 2024<\/span>\u00a0<\/em><\/span>\ud83d\ude0a.<\/span><\/p>\r\n<\/div>\r\n<\/div>\r\n<\/div><\/div>","protected":false},"excerpt":{"rendered":"<p>Organis\u00e9 chaque ann\u00e9e depuis 2007 par les auditeurs du\u00a0Mast\u00e8re Sp\u00e9cialis\u00e9 SILAT\u00a0(Syst\u00e8mes d\u2019Informations Localis\u00e9es pour l\u2019Am\u00e9nagement des Territoires), le G\u00e9os\u00e9minaire est un \u00e9v\u00e9nement qui rassemble pendant une journ\u00e9e les acteurs de la g\u00e9omatique autour d\u2019un th\u00e8me d\u2019actualit\u00e9.Cette ann\u00e9e, la 17e\u00a0\u00e9dition du G\u00e9os\u00e9minaire organis\u00e9e par les auditeurs du Mast\u00e8re Sp\u00e9cialis\u00e9 SILAT (AgroParisTech) aura lieu le\u00a021 mars 2024&#8230;<\/p>\n","protected":false},"author":2,"featured_media":0,"parent":0,"menu_order":0,"comment_status":"closed","ping_status":"closed","template":"","meta":{"_kad_post_transparent":"default","_kad_post_title":"default","_kad_post_layout":"default","_kad_post_sidebar_id":"","_kad_post_content_style":"default","_kad_post_vertical_padding":"default","_kad_post_feature":"","_kad_post_feature_position":"","_kad_post_header":false,"_kad_post_footer":false,"_kad_post_classname":"","footnotes":""},"_links":{"self":[{"href":"https:\/\/geoseminaire2024.teledetection.fr\/index.php\/wp-json\/wp\/v2\/pages\/332"}],"collection":[{"href":"https:\/\/geoseminaire2024.teledetection.fr\/index.php\/wp-json\/wp\/v2\/pages"}],"about":[{"href":"https:\/\/geoseminaire2024.teledetection.fr\/index.php\/wp-json\/wp\/v2\/types\/page"}],"author":[{"embeddable":true,"href":"https:\/\/geoseminaire2024.teledetection.fr\/index.php\/wp-json\/wp\/v2\/users\/2"}],"replies":[{"embeddable":true,"href":"https:\/\/geoseminaire2024.teledetection.fr\/index.php\/wp-json\/wp\/v2\/comments?post=332"}],"version-history":[{"count":12,"href":"https:\/\/geoseminaire2024.teledetection.fr\/index.php\/wp-json\/wp\/v2\/pages\/332\/revisions"}],"predecessor-version":[{"id":453,"href":"https:\/\/geoseminaire2024.teledetection.fr\/index.php\/wp-json\/wp\/v2\/pages\/332\/revisions\/453"}],"wp:attachment":[{"href":"https:\/\/geoseminaire2024.teledetection.fr\/index.php\/wp-json\/wp\/v2\/media?parent=332"}],"curies":[{"name":"wp","href":"https:\/\/api.w.org\/{rel}","templated":true}]}}