{"id":228,"date":"2024-03-03T13:22:20","date_gmt":"2024-03-03T13:22:20","guid":{"rendered":"https:\/\/geoseminaire2024.teledetection.fr\/?page_id=228"},"modified":"2024-03-08T10:43:11","modified_gmt":"2024-03-08T10:43:11","slug":"3liz","status":"publish","type":"page","link":"https:\/\/geoseminaire2024.teledetection.fr\/index.php\/3liz\/","title":{"rendered":"3LIZ"},"content":{"rendered":"<style>.kb-row-layout-id228_23e627-46 > .kt-row-column-wrap{align-content:start;}:where(.kb-row-layout-id228_23e627-46 > .kt-row-column-wrap) > .wp-block-kadence-column{justify-content:start;}.kb-row-layout-id228_23e627-46 > .kt-row-column-wrap{column-gap:var(--global-kb-gap-md, 2rem);row-gap:var(--global-kb-gap-md, 2rem);padding-top:var(--global-kb-spacing-sm, 1.5rem);padding-bottom:var(--global-kb-spacing-sm, 1.5rem);grid-template-columns:minmax(0, 2fr) minmax(0, 1fr);}.kb-row-layout-id228_23e627-46{background-color:#ffffff;}.kb-row-layout-id228_23e627-46 > .kt-row-layout-overlay{opacity:0.30;}@media all and (max-width: 1024px){.kb-row-layout-id228_23e627-46 > .kt-row-column-wrap{grid-template-columns:repeat(2, minmax(0, 1fr));}}@media all and (max-width: 767px){.kb-row-layout-id228_23e627-46 > .kt-row-column-wrap{grid-template-columns:minmax(0, 1fr);}}<\/style><div class=\"kb-row-layout-wrap kb-row-layout-id228_23e627-46 alignnone kt-row-has-bg wp-block-kadence-rowlayout\"><div class=\"kt-row-column-wrap kt-has-2-columns kt-row-layout-left-golden kt-tab-layout-inherit kt-mobile-layout-row kt-row-valign-top\">\r\n\r\n<style>.kadence-column228_16c01f-48 > .kt-inside-inner-col,.kadence-column228_16c01f-48 > .kt-inside-inner-col:before{border-top-left-radius:0px;border-top-right-radius:0px;border-bottom-right-radius:0px;border-bottom-left-radius:0px;}.kadence-column228_16c01f-48 > .kt-inside-inner-col{column-gap:var(--global-kb-gap-sm, 1rem);}.kadence-column228_16c01f-48 > .kt-inside-inner-col{flex-direction:column;}.kadence-column228_16c01f-48 > .kt-inside-inner-col > .aligncenter{width:100%;}.kadence-column228_16c01f-48 > .kt-inside-inner-col:before{opacity:0.3;}.kadence-column228_16c01f-48{position:relative;}@media all and (max-width: 1024px){.kadence-column228_16c01f-48 > .kt-inside-inner-col{flex-direction:column;}}@media all and (max-width: 767px){.kadence-column228_16c01f-48 > .kt-inside-inner-col{flex-direction:column;}}<\/style>\r\n<div class=\"wp-block-kadence-column kadence-column228_16c01f-48\">\r\n<div class=\"kt-inside-inner-col\"><style>.wp-block-kadence-advancedheading.kt-adv-heading228_02cd0c-29, .wp-block-kadence-advancedheading.kt-adv-heading228_02cd0c-29[data-kb-block=\"kb-adv-heading228_02cd0c-29\"]{font-weight:400;font-style:normal;font-family:Aclonica;}.wp-block-kadence-advancedheading.kt-adv-heading228_02cd0c-29 mark, .wp-block-kadence-advancedheading.kt-adv-heading228_02cd0c-29[data-kb-block=\"kb-adv-heading228_02cd0c-29\"] mark{font-style:normal;color:#f76a0c;padding-top:0px;padding-right:0px;padding-bottom:0px;padding-left:0px;}<\/style>\r\n<div class=\"kt-adv-heading228_02cd0c-29 wp-block-kadence-advancedheading\" style=\"text-align: justify;\" data-kb-block=\"kb-adv-heading228_02cd0c-29\"><span style=\"font-family: comic sans ms, sans-serif;\"><span style=\"color: #99cc00; font-size: 18pt;\"><strong>3Liz<\/strong> <\/span>est une soci\u00e9t\u00e9 de service et \u00e9diteur Open Source en Syst\u00e8me d\u2019Information G\u00e9ographique. Nous \u00e9ditons la solution Lizmap depuis 2011 et disposons d\u2019une offre d\u2019h\u00e9bergement.<\/span><br \/><span style=\"font-family: comic sans ms, sans-serif;\">Nous r\u00e9alisons nos prestations autour des solutions Lizmap, QGIS, QGIS Server et PostGIS. Nous proposons de l\u2019h\u00e9bergement, de la formation, du d\u00e9veloppement et de l\u2019accompagnement.<\/span><br \/><span style=\"font-family: comic sans ms, sans-serif;\">Nous sommes contributeur QGIS et mainteneur QGIS Server. Nous d\u00e9veloppons des plugins m\u00e9tiers pour QGIS tel que Cadastre, RAEPA (pour les r\u00e9seaux d\u2019eau), V\u00e9oloroutes et Voies Vertes. Nous r\u00e9alisons aussi des modules m\u00e9tiers pour Lizmap tel que Cadastre, Adresse, OpenADS, NetADS, de profil en long et de cr\u00e9ation de cartes en ligne.<\/span><\/div>\r\n<\/div>\r\n<\/div>\r\n\r\n\r\n<style>.kadence-column228_357745-2d > .kt-inside-inner-col,.kadence-column228_357745-2d > .kt-inside-inner-col:before{border-top-left-radius:0px;border-top-right-radius:0px;border-bottom-right-radius:0px;border-bottom-left-radius:0px;}.kadence-column228_357745-2d > .kt-inside-inner-col{column-gap:var(--global-kb-gap-sm, 1rem);}.kadence-column228_357745-2d > .kt-inside-inner-col{flex-direction:column;}.kadence-column228_357745-2d > .kt-inside-inner-col > .aligncenter{width:100%;}.kadence-column228_357745-2d > .kt-inside-inner-col:before{opacity:0.3;}.kadence-column228_357745-2d{position:relative;}@media all and (max-width: 1024px){.kadence-column228_357745-2d > .kt-inside-inner-col{flex-direction:column;}}@media all and (max-width: 767px){.kadence-column228_357745-2d > .kt-inside-inner-col{flex-direction:column;}}<\/style>\r\n<div class=\"wp-block-kadence-column kadence-column228_357745-2d\">\r\n<div class=\"kt-inside-inner-col\"><style>.kb-image228_22bd5a-c9.kb-image-is-ratio-size, .kb-image228_22bd5a-c9 .kb-image-is-ratio-size{max-width:366px;width:100%;}.wp-block-kadence-column > .kt-inside-inner-col > .kb-image228_22bd5a-c9.kb-image-is-ratio-size, .wp-block-kadence-column > .kt-inside-inner-col > .kb-image228_22bd5a-c9 .kb-image-is-ratio-size{align-self:unset;}.kb-image228_22bd5a-c9{max-width:366px;}.image-is-svg.kb-image228_22bd5a-c9{-webkit-flex:0 1 100%;flex:0 1 100%;}.image-is-svg.kb-image228_22bd5a-c9 img{width:100%;}.kb-image228_22bd5a-c9 .kb-image-has-overlay:after{opacity:0.3;}<\/style>\r\n<figure class=\"wp-block-kadence-image kb-image228_22bd5a-c9 size-full\"><a class=\"kb-advanced-image-link\" href=\"https:\/\/www.3liz.com\/\" target=\"_blank\" rel=\"noopener noreferrer\"><img loading=\"lazy\" decoding=\"async\" width=\"538\" height=\"494\" class=\"kb-img wp-image-231\" src=\"https:\/\/geoseminaire2024.teledetection.fr\/wp-content\/uploads\/2024\/03\/3LIZ-1.png\" alt=\"\" srcset=\"https:\/\/geoseminaire2024.teledetection.fr\/wp-content\/uploads\/2024\/03\/3LIZ-1.png 538w, https:\/\/geoseminaire2024.teledetection.fr\/wp-content\/uploads\/2024\/03\/3LIZ-1-300x275.png 300w\" sizes=\"(max-width: 538px) 100vw, 538px\" \/><\/a><\/figure>\r\n<\/div>\r\n<\/div>\r\n<\/div><\/div>","protected":false},"excerpt":{"rendered":"<p>3Liz est une soci\u00e9t\u00e9 de service et \u00e9diteur Open Source en Syst\u00e8me d\u2019Information G\u00e9ographique. Nous \u00e9ditons la solution Lizmap depuis 2011 et disposons d\u2019une offre d\u2019h\u00e9bergement.Nous r\u00e9alisons nos prestations autour des solutions Lizmap, QGIS, QGIS Server et PostGIS. Nous proposons de l\u2019h\u00e9bergement, de la formation, du d\u00e9veloppement et de l\u2019accompagnement.Nous sommes contributeur QGIS et mainteneur&#8230;<\/p>\n","protected":false},"author":2,"featured_media":0,"parent":0,"menu_order":0,"comment_status":"closed","ping_status":"closed","template":"","meta":{"_kad_post_transparent":"default","_kad_post_title":"default","_kad_post_layout":"default","_kad_post_sidebar_id":"","_kad_post_content_style":"default","_kad_post_vertical_padding":"default","_kad_post_feature":"","_kad_post_feature_position":"","_kad_post_header":false,"_kad_post_footer":false,"_kad_post_classname":"","footnotes":""},"_links":{"self":[{"href":"https:\/\/geoseminaire2024.teledetection.fr\/index.php\/wp-json\/wp\/v2\/pages\/228"}],"collection":[{"href":"https:\/\/geoseminaire2024.teledetection.fr\/index.php\/wp-json\/wp\/v2\/pages"}],"about":[{"href":"https:\/\/geoseminaire2024.teledetection.fr\/index.php\/wp-json\/wp\/v2\/types\/page"}],"author":[{"embeddable":true,"href":"https:\/\/geoseminaire2024.teledetection.fr\/index.php\/wp-json\/wp\/v2\/users\/2"}],"replies":[{"embeddable":true,"href":"https:\/\/geoseminaire2024.teledetection.fr\/index.php\/wp-json\/wp\/v2\/comments?post=228"}],"version-history":[{"count":5,"href":"https:\/\/geoseminaire2024.teledetection.fr\/index.php\/wp-json\/wp\/v2\/pages\/228\/revisions"}],"predecessor-version":[{"id":435,"href":"https:\/\/geoseminaire2024.teledetection.fr\/index.php\/wp-json\/wp\/v2\/pages\/228\/revisions\/435"}],"wp:attachment":[{"href":"https:\/\/geoseminaire2024.teledetection.fr\/index.php\/wp-json\/wp\/v2\/media?parent=228"}],"curies":[{"name":"wp","href":"https:\/\/api.w.org\/{rel}","templated":true}]}}