{"id":215,"date":"2024-03-03T13:08:33","date_gmt":"2024-03-03T13:08:33","guid":{"rendered":"https:\/\/geoseminaire2024.teledetection.fr\/?page_id=215"},"modified":"2024-03-08T10:46:17","modified_gmt":"2024-03-08T10:46:17","slug":"predict","status":"publish","type":"page","link":"https:\/\/geoseminaire2024.teledetection.fr\/index.php\/predict\/","title":{"rendered":"Predict"},"content":{"rendered":"<style>.kb-row-layout-id215_719f24-50 > .kt-row-column-wrap{align-content:start;}:where(.kb-row-layout-id215_719f24-50 > .kt-row-column-wrap) > .wp-block-kadence-column{justify-content:start;}.kb-row-layout-id215_719f24-50 > .kt-row-column-wrap{column-gap:var(--global-kb-gap-none, 0rem );row-gap:var(--global-kb-gap-none, 0rem );max-width:var( --global-content-width, 1290px );padding-left:var(--global-content-edge-padding);padding-right:var(--global-content-edge-padding);padding-top:var(--global-kb-spacing-sm, 1.5rem);padding-bottom:var(--global-kb-spacing-sm, 1.5rem);grid-template-columns:minmax(0, 1fr);}.kb-row-layout-id215_719f24-50 > .kt-row-layout-overlay{opacity:0.30;}@media all and (max-width: 1024px){.kb-row-layout-id215_719f24-50 > .kt-row-column-wrap{grid-template-columns:repeat(3, minmax(0, 1fr));}}@media all and (max-width: 767px){.kb-row-layout-id215_719f24-50 > .kt-row-column-wrap{grid-template-columns:minmax(0, 1fr);}}<\/style><div class=\"kb-row-layout-wrap kb-row-layout-id215_719f24-50 alignnone wp-block-kadence-rowlayout\"><div class=\"kt-row-column-wrap kt-has-3-columns kt-row-layout-row kt-tab-layout-inherit kt-mobile-layout-row kt-row-valign-top kb-theme-content-width\">\n<style>.kadence-column215_c5d4af-5c > .kt-inside-inner-col,.kadence-column215_c5d4af-5c > .kt-inside-inner-col:before{border-top-left-radius:0px;border-top-right-radius:0px;border-bottom-right-radius:0px;border-bottom-left-radius:0px;}.kadence-column215_c5d4af-5c > .kt-inside-inner-col{column-gap:var(--global-kb-gap-sm, 1rem);}.kadence-column215_c5d4af-5c > .kt-inside-inner-col{flex-direction:column;}.kadence-column215_c5d4af-5c > .kt-inside-inner-col > .aligncenter{width:100%;}.kadence-column215_c5d4af-5c > .kt-inside-inner-col:before{opacity:0.3;}.kadence-column215_c5d4af-5c{position:relative;}@media all and (max-width: 1024px){.kadence-column215_c5d4af-5c > .kt-inside-inner-col{flex-direction:column;}}@media all and (max-width: 767px){.kadence-column215_c5d4af-5c > .kt-inside-inner-col{flex-direction:column;}}<\/style>\n<div class=\"wp-block-kadence-column kadence-column215_c5d4af-5c\"><div class=\"kt-inside-inner-col\"><style>.kb-image215_282828-77.kb-image-is-ratio-size, .kb-image215_282828-77 .kb-image-is-ratio-size{max-width:155px;width:100%;}.wp-block-kadence-column > .kt-inside-inner-col > .kb-image215_282828-77.kb-image-is-ratio-size, .wp-block-kadence-column > .kt-inside-inner-col > .kb-image215_282828-77 .kb-image-is-ratio-size{align-self:unset;}.kb-image215_282828-77 figure{max-width:155px;}.kb-image215_282828-77 .image-is-svg, .kb-image215_282828-77 .image-is-svg img{width:100%;}.kb-image215_282828-77 .kb-image-has-overlay:after{opacity:0.3;}<\/style>\n<div class=\"wp-block-kadence-image kb-image215_282828-77\"><figure class=\"aligncenter size-full\"><a href=\"https:\/\/www.predictservices.com\/\" class=\"kb-advanced-image-link\" target=\"_blank\" rel=\"noopener noreferrer\"><img loading=\"lazy\" decoding=\"async\" width=\"300\" height=\"150\" src=\"https:\/\/geoseminaire2024.teledetection.fr\/wp-content\/uploads\/2024\/03\/Predictsignature_HD.jpg\" alt=\"\" class=\"kb-img wp-image-252\"\/><\/a><\/figure><\/div>\n<\/div><\/div>\n\n\n<style>.kadence-column215_86de74-14 > .kt-inside-inner-col,.kadence-column215_86de74-14 > .kt-inside-inner-col:before{border-top-left-radius:0px;border-top-right-radius:0px;border-bottom-right-radius:0px;border-bottom-left-radius:0px;}.kadence-column215_86de74-14 > .kt-inside-inner-col{column-gap:var(--global-kb-gap-sm, 1rem);}.kadence-column215_86de74-14 > .kt-inside-inner-col{flex-direction:column;}.kadence-column215_86de74-14 > .kt-inside-inner-col > .aligncenter{width:100%;}.kadence-column215_86de74-14 > .kt-inside-inner-col:before{opacity:0.3;}.kadence-column215_86de74-14{position:relative;}@media all and (max-width: 1024px){.kadence-column215_86de74-14 > .kt-inside-inner-col{flex-direction:column;}}@media all and (max-width: 767px){.kadence-column215_86de74-14 > .kt-inside-inner-col{flex-direction:column;}}<\/style>\n<div class=\"wp-block-kadence-column kadence-column215_86de74-14\">\r\n<div class=\"kt-inside-inner-col\">\n\n<p class=\"has-theme-palette-1-color has-text-color has-link-color wp-elements-155017eb315553d0736a71778c55a186\" style=\"font-size: 16px; text-align: justify;\"><span style=\"font-family: comic sans ms, sans-serif;\"><span style=\"color: #33cccc;\"><strong>Predict Services<\/strong> <\/span>est une entreprise citoyenne qui \u0153uvre pour la pr\u00e9vention et la gestion des risques. Elle accompagne particuliers, entreprises, collectivit\u00e9s territoriales et services institutionnels en France comme \u00e0 l\u2019international dans leurs prises de d\u00e9cisions : avant, pendant et apr\u00e8s les ph\u00e9nom\u00e8nes \u00e0 risque.<\/span><\/p>\r\n<span style=\"font-family: comic sans ms, sans-serif;\">\n\n\r\n\r\n\n<\/span>\r\n<p class=\"has-theme-palette-1-color has-text-color has-link-color wp-elements-d0459ad22346c43e9a38861e636bbc42\" style=\"font-size: 16px; text-align: justify;\"><span style=\"font-family: comic sans ms, sans-serif;\">Predict apporte une aide pour anticiper et g\u00e9rer les ph\u00e9nom\u00e8nes m\u00e9t\u00e9orologiques \u00e0 risque par la planification, la formation des \u00e9quipes et l\u2019avertissement pr\u00e9ventif. Un objectif poursuivi\u00a0: la pr\u00e9paration \u00e0 la gestion de crise et l\u2019anticipation des risques, pour mieux y r\u00e9pondre collectivement.<\/span><\/p>\r\n<span style=\"font-family: comic sans ms, sans-serif;\">\n\n\r\n\r\n\n<\/span>\r\n<p class=\"has-theme-palette-1-color has-text-color has-link-color wp-elements-527dc8726acbcfac17e36b4b884a06cd\" style=\"font-size: 16px; text-align: justify;\"><span style=\"font-family: comic sans ms, sans-serif;\">Pour r\u00e9pondre au mieux aux besoins, les services d\u2019avertissements sont dimensionn\u00e9s \u00e0 la probl\u00e9matique des territoires, leur exposition, leur vuln\u00e9rabilit\u00e9. \u00a0<\/span><\/p>\r\n<span style=\"font-family: comic sans ms, sans-serif;\">\n\n\r\n\r\n\n<\/span>\r\n<p class=\"has-theme-palette-1-color has-text-color has-link-color wp-elements-7f3e528ff137545c90514e5a05ea2ad0\" style=\"font-size: 16px; text-align: justify;\"><span style=\"font-family: comic sans ms, sans-serif;\">La performance des outils et services innovants propos\u00e9s repose sur la combinaison de technologies de pointe et d\u2019expertise humaine.<\/span><\/p>\r\n<span style=\"font-family: comic sans ms, sans-serif;\">\n\n\r\n\r\n\n<\/span>\r\n<p class=\"has-theme-palette-1-color has-text-color has-link-color wp-elements-dc2d8a0917921ad1ad94dec456cfa3db\" style=\"font-size: 16px; text-align: justify;\"><span style=\"font-family: comic sans ms, sans-serif;\">En cela, le d\u00e9veloppement et l\u2019utilisation d\u2019outils innovants et de logiciels m\u00e9tiers utilisant des syst\u00e8mes d\u2019informations g\u00e9ographiques et d\u2019intelligence artificielle sont int\u00e9gr\u00e9s au fonctionnement quotidien de Predict : am\u00e9lioration de la connaissance et de l\u2019analyse des vuln\u00e9rabilit\u00e9s, aide \u00e0 la d\u00e9cision et \u00e0 la pr\u00e9paration de gestion de crise ou encore, diffusion d\u2019une information anticip\u00e9e, localis\u00e9e et expertis\u00e9e en cas de risque effectif.<\/span><\/p>\r\n<span style=\"font-family: comic sans ms, sans-serif;\">\n\n\r\n\r\n\n<\/span>\r\n<p class=\"has-theme-palette-1-color has-text-color has-link-color wp-elements-fc93bbf81a651fba8b71fee3f2bb7d57\" style=\"font-size: 16px; text-align: justify;\"><span style=\"font-family: comic sans ms, sans-serif;\">Les dispositifs exploit\u00e9s permettent donc d\u2019anticiper, localiser et analyser pr\u00e9cis\u00e9ment le risque, sa chronologie et son intensit\u00e9. Les usagers b\u00e9n\u00e9ficient ainsi d\u2019une aide \u00e0 la d\u00e9cision, de conseils adapt\u00e9s et personnalis\u00e9s pour la gestion du risque qui les concerne. Ils sont accompagn\u00e9s pour l\u2019adaptation de leur comportement, l\u2019activation \u00e0 bon escient de plans de sauvegarde ou de continuit\u00e9 d\u2019activit\u00e9.<\/span><\/p>\r\n<span style=\"font-family: comic sans ms, sans-serif;\">\n\n\r\n\r\n\n<\/span>\r\n<p class=\"has-theme-palette-1-color has-text-color has-link-color wp-elements-165dfb915b629782049ac94225079e1a\" style=\"font-size: 16px; text-align: justify;\"><span style=\"font-family: comic sans ms, sans-serif;\">Fond\u00e9e en 2006 \u00e0 Montpellier suite aux inondations majeures de N\u00eemes en 1988, de l\u2019Aude en 1999\u00a0 et du Gard en 2002, PREDICT Services est n\u00e9e de la volont\u00e9 d\u2019Alix Roumagnac, soutenu par M\u00e9t\u00e9o-France, Airbus DS G\u00e9o SA et BRL, d\u2019apporter aux usagers des territoires menac\u00e9s par les risques climatiques, une assistance int\u00e9gr\u00e9e et personnalis\u00e9e de gestion de ces ph\u00e9nom\u00e8nes.<\/span><\/p>\r\n<span style=\"font-family: comic sans ms, sans-serif;\">\n\n\r\n\r\n\n<\/span>\r\n<p class=\"has-theme-palette-1-color has-text-color has-link-color wp-elements-0cd3c0a1ad8c2e15733ceecaeb028772\" style=\"font-size: 16px; text-align: justify;\"><span style=\"font-family: comic sans ms, sans-serif;\">Combinant depuis son origine technologies de pointe et expertise humaine, Predict s\u2019attache \u00e0 proposer des solutions performantes, faisant l\u2019objet d\u2019innovations et d\u2019am\u00e9liorations continues. La R&amp;D et l\u2019innovation au c\u0153ur de son ADN, l\u2019ont amen\u00e9 \u00e0 continuellement concevoir et d\u00e9velopper des produits et service associant donn\u00e9es et technologies spatiales, m\u00e9t\u00e9orologiques, hydrauliques et hydrologiques aux outils d\u2019analyses et de communications les plus modernes.<\/span><\/p>\r\n<span style=\"font-family: comic sans ms, sans-serif;\">\n\n\r\n\r\n\n<\/span>\r\n<p class=\"has-theme-palette-1-color has-text-color has-link-color wp-elements-d82fcf508783ea068c4b2d37147a3877\" style=\"font-size: 16px; text-align: justify;\"><span style=\"font-family: comic sans ms, sans-serif;\">Les solutions d\u00e9velopp\u00e9es allient organisations pr\u00e9ventives, outils d\u2019analyses des risques climatiques pour leur anticipation et gestion \u00e0 fine \u00e9chelle, aux syst\u00e8mes d\u2019avertissement et d\u2019aide \u00e0 la d\u00e9cision.<\/span><\/p>\r\n<span style=\"font-family: comic sans ms, sans-serif;\">\n\n\r\n\r\n\n<\/span>\r\n<p class=\"has-theme-palette-1-color has-text-color has-link-color wp-elements-7f2593c803c002882687f87bb570dba9\" style=\"font-size: 16px; text-align: justify;\"><span style=\"font-family: comic sans ms, sans-serif;\">Initialement con\u00e7ues pour r\u00e9pondre aux besoins des collectivit\u00e9s, les solutions ont rapidement \u00e9t\u00e9 adapt\u00e9es pour les entreprises, ainsi que la sauvegarde des particuliers en France et \u00e0 l\u2019international.<\/span><\/p>\r\n<span style=\"font-family: comic sans ms, sans-serif;\">\n\n\r\n\r\n\n<\/span>\r\n<p class=\"has-theme-palette-1-color has-text-color has-link-color wp-elements-6a35e0146e4d9a2287c8a93bf7700479\" style=\"font-size: 16px; text-align: justify;\"><span style=\"font-family: comic sans ms, sans-serif;\">Particuli\u00e8rement engag\u00e9e dans la modernisation des syst\u00e8mes d\u2019alerte pr\u00e9coce pour la sauvegarde des populations et des soci\u00e9t\u00e9s, elle n\u2019h\u00e9site pas \u00e0 transf\u00e9rer son savoir-faire, ses m\u00e9thodes et outils aux acteurs institutionnels des pays avec lesquels elle travaille.<\/span><\/p>\r\n<span style=\"font-family: comic sans ms, sans-serif;\">\n\n\r\n\r\n\n<\/span>\r\n<p class=\"has-theme-palette-1-color has-text-color has-link-color wp-elements-645706ab17b68bf6cd745b4f40cb0dbb\" style=\"font-size: 16px; text-align: justify;\"><span style=\"font-family: comic sans ms, sans-serif;\">Dans un contexte o\u00f9 le besoin de dispositifs de r\u00e9silience face aux al\u00e9as climatiques ne cesse de cro\u00eetre partout dans le monde, l\u2019\u00e9quipe d\u2019ing\u00e9nieurs pluridisciplinaires et passionn\u00e9s de PREDICT travaille activement sur les solutions de demain.<\/span><\/p>\r\n<span style=\"font-family: comic sans ms, sans-serif;\">\n\n<\/span><\/div>\r\n<\/div>\r\n<p style=\"text-align: justify;\"><span style=\"font-family: comic sans ms, sans-serif;\">\n\n\n<style>.kadence-column215_3f2d01-10 > .kt-inside-inner-col,.kadence-column215_3f2d01-10 > .kt-inside-inner-col:before{border-top-left-radius:0px;border-top-right-radius:0px;border-bottom-right-radius:0px;border-bottom-left-radius:0px;}.kadence-column215_3f2d01-10 > .kt-inside-inner-col{column-gap:var(--global-kb-gap-sm, 1rem);}.kadence-column215_3f2d01-10 > .kt-inside-inner-col{flex-direction:column;}.kadence-column215_3f2d01-10 > .kt-inside-inner-col > .aligncenter{width:100%;}.kadence-column215_3f2d01-10 > .kt-inside-inner-col:before{opacity:0.3;}.kadence-column215_3f2d01-10{position:relative;}@media all and (max-width: 1024px){.kadence-column215_3f2d01-10 > .kt-inside-inner-col{flex-direction:column;}}@media all and (max-width: 767px){.kadence-column215_3f2d01-10 > .kt-inside-inner-col{flex-direction:column;}}<\/style>\n<div class=\"wp-block-kadence-column kadence-column215_3f2d01-10\"><div class=\"kt-inside-inner-col\">\n<div data-wp-interactive=\"\" class=\"wp-block-file aligncenter\"><object data-wp-bind--hidden=\"!selectors.core.file.hasPdfPreview\" hidden class=\"wp-block-file__embed\" data=\"https:\/\/geoseminaire2024.teledetection.fr\/wp-content\/uploads\/2024\/03\/PREDICT-SERVICES.pdf\" type=\"application\/pdf\" style=\"width:100%;height:590px\" aria-label=\"Contenu embarqu\u00e9 Predict.\"><\/object><a id=\"wp-block-file--media-445f3827-78ee-4e14-b24e-8d677d78fcb1\">Predict<\/a><a href=\"https:\/\/geoseminaire2024.teledetection.fr\/wp-content\/uploads\/2024\/03\/PREDICT-SERVICES.pdf\" class=\"wp-block-file__button wp-element-button\" download aria-describedby=\"wp-block-file--media-445f3827-78ee-4e14-b24e-8d677d78fcb1\">T\u00e9l\u00e9charger<\/a><\/div>\n<\/div><\/div>\n\n\n<style>.kadence-column215_e1e4e0-7f > .kt-inside-inner-col,.kadence-column215_e1e4e0-7f > .kt-inside-inner-col:before{border-top-left-radius:0px;border-top-right-radius:0px;border-bottom-right-radius:0px;border-bottom-left-radius:0px;}.kadence-column215_e1e4e0-7f > .kt-inside-inner-col{column-gap:var(--global-kb-gap-sm, 1rem);}.kadence-column215_e1e4e0-7f > .kt-inside-inner-col{flex-direction:column;}.kadence-column215_e1e4e0-7f > .kt-inside-inner-col > .aligncenter{width:100%;}.kadence-column215_e1e4e0-7f > .kt-inside-inner-col:before{opacity:0.3;}.kadence-column215_e1e4e0-7f{position:relative;}@media all and (max-width: 1024px){.kadence-column215_e1e4e0-7f > .kt-inside-inner-col{flex-direction:column;}}@media all and (max-width: 767px){.kadence-column215_e1e4e0-7f > .kt-inside-inner-col{flex-direction:column;}}<\/style>\n<div class=\"wp-block-kadence-column kadence-column215_e1e4e0-7f\">\r\n<div class=\"kt-inside-inner-col\">\u00a0<\/div>\r\n<\/div>\n\n<\/div><\/div>","protected":false},"excerpt":{"rendered":"<p>Predict Services est une entreprise citoyenne qui \u0153uvre pour la pr\u00e9vention et la gestion des risques. Elle accompagne particuliers, entreprises, collectivit\u00e9s territoriales et services institutionnels en France comme \u00e0 l\u2019international dans leurs prises de d\u00e9cisions : avant, pendant et apr\u00e8s les ph\u00e9nom\u00e8nes \u00e0 risque. Predict apporte une aide pour anticiper et g\u00e9rer les ph\u00e9nom\u00e8nes m\u00e9t\u00e9orologiques&#8230;<\/p>\n","protected":false},"author":2,"featured_media":0,"parent":0,"menu_order":0,"comment_status":"closed","ping_status":"closed","template":"","meta":{"_kad_post_transparent":"default","_kad_post_title":"default","_kad_post_layout":"default","_kad_post_sidebar_id":"","_kad_post_content_style":"default","_kad_post_vertical_padding":"default","_kad_post_feature":"","_kad_post_feature_position":"","_kad_post_header":false,"_kad_post_footer":false,"_kad_post_classname":"","footnotes":""},"_links":{"self":[{"href":"https:\/\/geoseminaire2024.teledetection.fr\/index.php\/wp-json\/wp\/v2\/pages\/215"}],"collection":[{"href":"https:\/\/geoseminaire2024.teledetection.fr\/index.php\/wp-json\/wp\/v2\/pages"}],"about":[{"href":"https:\/\/geoseminaire2024.teledetection.fr\/index.php\/wp-json\/wp\/v2\/types\/page"}],"author":[{"embeddable":true,"href":"https:\/\/geoseminaire2024.teledetection.fr\/index.php\/wp-json\/wp\/v2\/users\/2"}],"replies":[{"embeddable":true,"href":"https:\/\/geoseminaire2024.teledetection.fr\/index.php\/wp-json\/wp\/v2\/comments?post=215"}],"version-history":[{"count":7,"href":"https:\/\/geoseminaire2024.teledetection.fr\/index.php\/wp-json\/wp\/v2\/pages\/215\/revisions"}],"predecessor-version":[{"id":437,"href":"https:\/\/geoseminaire2024.teledetection.fr\/index.php\/wp-json\/wp\/v2\/pages\/215\/revisions\/437"}],"wp:attachment":[{"href":"https:\/\/geoseminaire2024.teledetection.fr\/index.php\/wp-json\/wp\/v2\/media?parent=215"}],"curies":[{"name":"wp","href":"https:\/\/api.w.org\/{rel}","templated":true}]}}